{"id":301,"date":"2018-04-12T07:17:45","date_gmt":"2018-04-12T07:17:45","guid":{"rendered":"https:\/\/gerardoacuna.com\/?page_id=301"},"modified":"2020-05-01T17:00:17","modified_gmt":"2020-05-01T17:00:17","slug":"curriculum-gerardo-acuna","status":"publish","type":"page","link":"https:\/\/gerardoacuna.com\/es\/curriculum-gerardo-acuna\/","title":{"rendered":"Curriculum Gerardo Acu\u00f1a"},"content":{"rendered":"<p>[vc_row css_animation=\u00bb\u00bb row_type=\u00bbrow\u00bb use_row_as_full_screen_section=\u00bbno\u00bb type=\u00bbfull_width\u00bb angled_section=\u00bbno\u00bb text_align=\u00bbleft\u00bb background_image_as_pattern=\u00bbwithout_pattern\u00bb][vc_column][vc_empty_space height=\u00bb50px\u00bb][\/vc_column][\/vc_row][vc_row css_animation=\u00bb\u00bb row_type=\u00bbrow\u00bb use_row_as_full_screen_section=\u00bbno\u00bb type=\u00bbfull_width\u00bb angled_section=\u00bbno\u00bb text_align=\u00bbcenter\u00bb background_image_as_pattern=\u00bbwithout_pattern\u00bb css=\u00bb.vc_custom_1523520370337{background-image: url(https:\/\/gerardoacuna.com\/wp-content\/uploads\/2018\/01\/background-4.jpg?id=56) !important;}\u00bb z_index=\u00bb\u00bb][vc_column][vc_empty_space height=\u00bb100px\u00bb][vc_column_text]<\/p>\n<h1>CURRICULUM<\/h1>\n<p>[\/vc_column_text][vc_empty_space height=\u00bb6px\u00bb][vc_column_text]<\/p>\n<h5>GERARDO ACU\u00d1A RIVERA<\/h5>\n<p>[\/vc_column_text][vc_empty_space height=\u00bb50px\u00bb][\/vc_column][\/vc_row][vc_row css_animation=\u00bb\u00bb row_type=\u00bbrow\u00bb use_row_as_full_screen_section=\u00bbno\u00bb type=\u00bbgrid\u00bb angled_section=\u00bbno\u00bb text_align=\u00bbleft\u00bb background_image_as_pattern=\u00bbwithout_pattern\u00bb z_index=\u00bb\u00bb][vc_column][vc_empty_space height=\u00bb50px\u00bb][vc_column_text]<img loading=\"lazy\" class=\"alignright wp-image-326 size-medium\" src=\"https:\/\/gerardoacuna.com\/wp-content\/uploads\/2018\/04\/CURRICULUM-300x254.jpg\" alt=\"\" width=\"300\" height=\"254\" srcset=\"https:\/\/gerardoacuna.com\/wp-content\/uploads\/2018\/04\/CURRICULUM-300x254.jpg 300w, https:\/\/gerardoacuna.com\/wp-content\/uploads\/2018\/04\/CURRICULUM.jpg 600w\" sizes=\"(max-width: 300px) 100vw, 300px\" \/>El guitarrista de origen mexicano <strong>Gerardo Acu\u00f1a<\/strong><strong>\u00a0<\/strong>comenz\u00f3 sus estudios musicales en la <em>Escuela Nacional de M\u00fasica<\/em> de la <em>Universidad Nacional Aut\u00f3noma de M\u00e9xico<\/em> (UNAM), siendo sus profesores <em>Alfredo Rovelo, Marco Antonio Anguiano <\/em>y<em> Juan Carlos Laguna<\/em>. Bajo la direcci\u00f3n del guitarrista <em>Jos\u00e9 Luis Rodrigo<\/em>, termin\u00f3 sus estudios superiores de guitarra en el <em>Real Conservatorio Superior de M\u00fasica de Madrid<\/em>.<\/p>\n<p>&nbsp;<\/p>\n<p>Por otra parte, la <em>Fundaci\u00f3n Carolina<\/em> le concedi\u00f3 la\u00a0beca <em>Robert Stevenson,<\/em>\u00a0que le permiti\u00f3 llevar a cabo estudios superiores de Musicolog\u00eda en el mismo conservatorio. Tambi\u00e9n el <em>Fondo Nacional para la Cultura y las Artes<\/em> (FONCA) de M\u00e9xico, le concedi\u00f3 la beca de <em>J\u00f3venes Ejecutantes<\/em>, para realizar estudios con el music\u00f3logo y guitarrista <em>Gerardo Arriaga<\/em>.<\/p>\n<p>&nbsp;<\/p>\n<p>Su formaci\u00f3n musical tambi\u00e9n se ha visto enriquecida por su participaci\u00f3n en clases magistrales con <em>Leo Brouwer, Iv\u00e1n Rijos, Pepe Romero, Hopkinson Smith <\/em>y<em> Carmen Ros<\/em>.<\/p>\n<p>&nbsp;<\/p>\n<p>Merecen especial menci\u00f3n sus estudios de perfeccionamiento musical y de guitarra con el compositor <em>Ernesto Garc\u00eda de Le\u00f3n<\/em>, con quien trabaj\u00f3 durante un periodo de m\u00e1s de cinco a\u00f1os.<\/p>\n<p>&nbsp;<\/p>\n<p>Como parte de su formaci\u00f3n human\u00edstica, Gerardo Acu\u00f1a tambi\u00e9n realiz\u00f3 estudios en Ciencia Pol\u00edtica.<\/p>\n<p>&nbsp;<\/p>\n<p>En el transcurso de su vida musical ha obtenido primeros premios en concursos de guitarra, entre los que destacan el <em>Concurso para J\u00f3venes Instrumentistas <\/em>de la Universidad Nacional Aut\u00f3noma de M\u00e9xico, el<em> Gabriella Laserre de Chapard, <\/em><em>el<\/em><em> Concurso homenaje a Juan Helguera <\/em><em>o<\/em> <em>el<\/em><em> Concurso Nacional de Guitarra <\/em>de la Universidad Veracruzana<em>.\u00a0<\/em><\/p>\n<p>&nbsp;<\/p>\n<p>Ha sido invitado a participar en <em>festivales<\/em>, <em>encuentros<\/em> y <em>ciclos<\/em> de guitarra cl\u00e1sica como el <em>Primer Encuentro Nacional de J\u00f3venes guitarristas<\/em> de la ciudad de M\u00e9xico; <em>V Festival Internacional de Guitarra<\/em>, de la ciudad de Paracho; <em>Festival M\u00e1scara<\/em>, organizado por la Universidad Iberoamericana; <em>II Encuentro de Guitarra Cl\u00e1sica<\/em>, en la ciudad de Quer\u00e9taro; <em>Primer Encuentro Internacional de J\u00f3venes Guitarristas<\/em>, de la ciudad de M\u00e9xico; <em>Ciclo de Conciertos de Guitarra<\/em>, en la ciudad de Madrid; <em>Segunda Semana Internacional de Guitarra<\/em>, organizado por la Universidad Nacional Aut\u00f3noma de M\u00e9xico; <em>Festival Internacional de Guitarra<\/em>, en la ciudad de Roma. Ha tocado como solista con orquestas entre las que destacan la <em>Orquesta Sinf\u00f3nica de la Universidad de Guanajuato<\/em> y la <em>Orquesta Sinf\u00f3nica \u201cM\u00fasica y Movimiento\u201d<\/em>, con la que llev\u00f3 a cabo el estreno mundial de la <em>Fantas\u00eda, opus 47, para guitarra y orquesta<\/em> del compositor Ernesto Garc\u00eda de Le\u00f3n.<\/p>\n<p>&nbsp;<\/p>\n<p>Ha sido colaborador de la revista <em>Roseta<\/em>, que publica la <em>Sociedad Espa\u00f1ola de Guitarra<\/em>, haciendo rese\u00f1as sobre novedades editoriales de m\u00fasica para guitarra y puntualmente tambi\u00e9n para la revista <em>Doce Notas.<\/em><\/p>\n<p>&nbsp;<\/p>\n<p>Por otra parte, en la actualidad, Gerardo Acu\u00f1a se encuentra transcribiendo para la guitarra, las <em>trece fantas\u00edas<\/em> para vihuela del libro cuarto de <em>Orphenica Lyra (1554)<\/em>, de Miguel de Fuenllana.<\/p>\n<p>&nbsp;<\/p>\n<p>En el campo de la docencia, ha sido profesor de <em>Historia de la M\u00fasica<\/em> y de <em>Repertorio Musical a trav\u00e9s de los siglos<\/em> en el <em>Conservatorio Profesional de M\u00fasica Rodolfo Halffter<\/em>, profesor titular de los <em>Talleres de Guitarra Cl\u00e1sica <\/em>de la Universidad Iberoamericana y profesor de guitarra en diferentes escuelas municipales de m\u00fasica y academias.<\/p>\n<p>&nbsp;<\/p>\n<p>[\/vc_column_text][\/vc_column][\/vc_row][vc_row css_animation=\u00bb\u00bb row_type=\u00bbrow\u00bb use_row_as_full_screen_section=\u00bbno\u00bb type=\u00bbfull_width\u00bb angled_section=\u00bbno\u00bb text_align=\u00bbleft\u00bb background_image_as_pattern=\u00bbwithout_pattern\u00bb][vc_column][vc_empty_space height=\u00bb50px\u00bb][\/vc_column][\/vc_row]<\/p>","protected":false},"excerpt":{"rendered":"<p>[vc_row css_animation=\u00bb\u00bb row_type=\u00bbrow\u00bb use_row_as_full_screen_section=\u00bbno\u00bb type=\u00bbfull_width\u00bb angled_section=\u00bbno\u00bb text_align=\u00bbleft\u00bb background_image_as_pattern=\u00bbwithout_pattern\u00bb][vc_column][vc_empty_space height=\u00bb50px\u00bb][\/vc_column][\/vc_row][vc_row css_animation=\u00bb\u00bb row_type=\u00bbrow\u00bb use_row_as_full_screen_section=\u00bbno\u00bb type=\u00bbfull_width\u00bb angled_section=\u00bbno\u00bb text_align=\u00bbcenter\u00bb background_image_as_pattern=\u00bbwithout_pattern\u00bb css=\u00bb.vc_custom_1523520370337{background-image: url(https:\/\/gerardoacuna.com\/wp-content\/uploads\/2018\/01\/background-4.jpg?id=56) !important;}\u00bb z_index=\u00bb\u00bb][vc_column][vc_empty_space height=\u00bb100px\u00bb][vc_column_text] CURRICULUM [\/vc_column_text][vc_empty_space height=\u00bb6px\u00bb][vc_column_text] GERARDO ACU\u00d1A RIVERA [\/vc_column_text][vc_empty_space height=\u00bb50px\u00bb][\/vc_column][\/vc_row][vc_row css_animation=\u00bb\u00bb row_type=\u00bbrow\u00bb use_row_as_full_screen_section=\u00bbno\u00bb type=\u00bbgrid\u00bb angled_section=\u00bbno\u00bb text_align=\u00bbleft\u00bb background_image_as_pattern=\u00bbwithout_pattern\u00bb z_index=\u00bb\u00bb][vc_column][vc_empty_space height=\u00bb50px\u00bb][vc_column_text]El guitarrista de origen mexicano Gerardo Acu\u00f1a\u00a0comenz\u00f3 sus&#8230;<\/p>\n","protected":false},"author":2,"featured_media":0,"parent":0,"menu_order":0,"comment_status":"closed","ping_status":"closed","template":"full_width.php","meta":[],"_links":{"self":[{"href":"https:\/\/gerardoacuna.com\/es\/wp-json\/wp\/v2\/pages\/301"}],"collection":[{"href":"https:\/\/gerardoacuna.com\/es\/wp-json\/wp\/v2\/pages"}],"about":[{"href":"https:\/\/gerardoacuna.com\/es\/wp-json\/wp\/v2\/types\/page"}],"author":[{"embeddable":true,"href":"https:\/\/gerardoacuna.com\/es\/wp-json\/wp\/v2\/users\/2"}],"replies":[{"embeddable":true,"href":"https:\/\/gerardoacuna.com\/es\/wp-json\/wp\/v2\/comments?post=301"}],"version-history":[{"count":30,"href":"https:\/\/gerardoacuna.com\/es\/wp-json\/wp\/v2\/pages\/301\/revisions"}],"predecessor-version":[{"id":491,"href":"https:\/\/gerardoacuna.com\/es\/wp-json\/wp\/v2\/pages\/301\/revisions\/491"}],"wp:attachment":[{"href":"https:\/\/gerardoacuna.com\/es\/wp-json\/wp\/v2\/media?parent=301"}],"curies":[{"name":"wp","href":"https:\/\/api.w.org\/{rel}","templated":true}]}}