{"id":5,"date":"2018-01-25T10:40:32","date_gmt":"2018-01-25T10:40:32","guid":{"rendered":"http:\/\/bridge141.qodeinteractive.com\/?page_id=5"},"modified":"2018-09-11T10:49:11","modified_gmt":"2018-09-11T10:49:11","slug":"home","status":"publish","type":"page","link":"https:\/\/gerardoacuna.com\/es\/","title":{"rendered":"Home"},"content":{"rendered":"<p>[vc_row css_animation=\u00bb\u00bb row_type=\u00bbrow\u00bb use_row_as_full_screen_section=\u00bbno\u00bb type=\u00bbfull_width\u00bb anchor=\u00bbrow1&#8243; angled_section=\u00bbno\u00bb text_align=\u00bbleft\u00bb background_image_as_pattern=\u00bbwithout_pattern\u00bb z_index=\u00bb1&#8243;][vc_column][rev_slider_vc alias=\u00bbhome-gerardo\u00bb][\/vc_column][\/vc_row][vc_row css_animation=\u00bb\u00bb row_type=\u00bbrow\u00bb use_row_as_full_screen_section=\u00bbno\u00bb type=\u00bbgrid\u00bb angled_section=\u00bbno\u00bb text_align=\u00bbcenter\u00bb background_image_as_pattern=\u00bbwithout_pattern\u00bb z_index=\u00bb2&#8243; css=\u00bb.vc_custom_1516956057293{background-image: url(http:\/\/bridge141.qodeinteractive.com\/wp-content\/uploads\/2018\/01\/background-3.png?id=34) !important;background-position: center !important;background-repeat: no-repeat !important;background-size: cover !important;}\u00bb][vc_column css=\u00bb.vc_custom_1516877056111{margin-top: -100px !important;margin-bottom: -100px !important;}\u00bb]<div class=\"qode_vertical_separator\" style=\"height: 200px;width: 2px;background-color: #e3c5a2\">\r\n<\/div>[\/vc_column][\/vc_row][vc_row css_animation=\u00bb\u00bb row_type=\u00bbrow\u00bb use_row_as_full_screen_section=\u00bbno\u00bb type=\u00bbfull_width\u00bb anchor=\u00bbrow2&#8243; angled_section=\u00bbno\u00bb text_align=\u00bbleft\u00bb background_image_as_pattern=\u00bbwithout_pattern\u00bb padding_top=\u00bb170&#8243; padding_bottom=\u00bb24&#8243; z_index=\u00bb1&#8243; css=\u00bb.vc_custom_1523359183180{background-image: url(http:\/\/bridge141.qodeinteractive.com\/wp-content\/uploads\/2018\/01\/background-2.jpg?id=31) !important;background-position: center !important;background-repeat: no-repeat !important;background-size: cover !important;}\u00bb][vc_column css=\u00bb.vc_custom_1516964673247{margin-top: -2% !important;}\u00bb][vc_row_inner row_type=\u00bbrow\u00bb type=\u00bbfull_width\u00bb text_align=\u00bbcenter\u00bb css_animation=\u00bb\u00bb][vc_column_inner][vc_column_text]<\/p>\n<h1>GERARDO ACU\u00d1A<\/h1>\n<p>[\/vc_column_text][vc_empty_space height=\u00bb6px\u00bb][vc_column_text]<\/p>\n<h5>GUITARRISTA<\/h5>\n<p>[\/vc_column_text][qode_elements_holder number_of_columns=\u00bbone_column\u00bb][qode_elements_holder_item item_padding=\u00bb63px 0 0 0&#8243; advanced_animations=\u00bbno\u00bb item_padding_1280_1440=\u00bb25px 0 0 0&#8243;][vc_separator type=\u00bbtransparent\u00bb down=\u00bb50&#8243;][\/qode_elements_holder_item][\/qode_elements_holder][\/vc_column_inner][\/vc_row_inner][qode_elements_holder number_of_columns=\u00bbtwo_columns\u00bb][qode_elements_holder_item item_padding=\u00bb0 0px 0 24%\u00bb advanced_animations=\u00bbno\u00bb item_padding_768_1024=\u00bb0px 0px 0 6%\u00bb item_padding_600_768=\u00bb0px 3% 0 3%\u00bb item_padding_480_600=\u00bb0px 3% 0 3%\u00bb item_padding_480=\u00bb0px 3% 0 3%\u00bb][vc_column_text]<div id=\"wpfp_a9599fb693187271c75065e7262b80d8\" data-item=\"{&quot;sources&quot;:[{&quot;src&quot;:&quot;https:\\\/\\\/gerardoacuna.com\\\/video\\\/Presentacion.mp4&quot;,&quot;type&quot;:&quot;video\\\/mp4&quot;}],&quot;splash&quot;:&quot;https:\\\/\\\/gerardoacuna.com\\\/wp-content\\\/uploads\\\/2018\\\/04\\\/presentacion.jpg&quot;}\" class=\"flowplayer no-brand is-splash no-svg is-paused skin-slim fp-slim fp-edgy\" style=\"position:relative; max-width: 640px; max-height: 360px; \" data-ratio=\"0.5625\">\n\t<div class=\"fp-ratio\" style=\"padding-top: 56.25%\"><\/div>\n\t<img class=\"fp-splash\" alt=\"video\" src=\"https:\/\/gerardoacuna.com\/wp-content\/uploads\/2018\/04\/presentacion.jpg\" style=\"position:absolute;top:0;width:100%\" \/>\n\t<div class=\"fp-ui\"><noscript>Please enable JavaScript<\/noscript><div class=\"fp-play fp-visible\"><svg class=\"fp-play-sharp-fill\" xmlns=\"http:\/\/www.w3.org\/2000\/svg\" viewBox=\"0 0 100 100\"><defs><style>.fp-color-play{opacity:0.65;}.controlbutton{fill:#fff;}<\/style><\/defs><title>play-sharp-fill<\/title><path class=\"fp-color-play\" d=\"M49.9217-.078a50,50,0,1,0,50,50A50.0564,50.0564,0,0,0,49.9217-.078Z\"\/><polygon class=\"controlbutton\" points=\"73.601 50 37.968 70.573 37.968 29.427 73.601 50\" filter=\"url(#f1)\"\/><\/svg><\/div><div class=\"fp-preload\"><b><\/b><b><\/b><b><\/b><b><\/b><\/div><\/div>\n\n<\/div>\n[\/vc_column_text][\/qode_elements_holder_item][qode_elements_holder_item item_padding=\u00bb73px 49% 0 50px\u00bb vertical_alignment=\u00bbtop\u00bb advanced_animations=\u00bbno\u00bb item_padding_1280_1440=\u00bb70px 28% 0 50px\u00bb item_padding_1024_1280=\u00bb63px 14% 0 50px\u00bb item_padding_768_1024=\u00bb45px 8% 0 50px\u00bb item_padding_600_768=\u00bb45px 8% 0 6%\u00bb item_padding_480_600=\u00bb50px 3% 0 3%\u00bb item_padding_480=\u00bb50px 3% 0 3%\u00bb][vc_column_text]<\/p>\n<h2>PRESENTACI\u00d3N<\/h2>\n<p>[\/vc_column_text][vc_empty_space height=\u00bb7px\u00bb][vc_column_text]Soy Gerardo Acu\u00f1a, en la m\u00fasica he encontrado mi vocaci\u00f3n y mi forma de vida. En esta p\u00e1gina vas a escuchar algunos fragmentos a los que les he dedicado momentos muy felices de mi vida.[\/vc_column_text][vc_empty_space height=\u00bb33px\u00bb][\/qode_elements_holder_item][\/qode_elements_holder][\/vc_column][\/vc_row][vc_row css_animation=\u00bb\u00bb row_type=\u00bbrow\u00bb use_row_as_full_screen_section=\u00bbno\u00bb type=\u00bbfull_width\u00bb anchor=\u00bbrow3&#8243; angled_section=\u00bbno\u00bb text_align=\u00bbcenter\u00bb background_image_as_pattern=\u00bbwithout_pattern\u00bb padding_top=\u00bb30&#8243; padding_bottom=\u00bb29&#8243; z_index=\u00bb\u00bb][vc_column offset=\u00bbvc_hidden-sm vc_hidden-xs\u00bb css=\u00bb.vc_custom_1524062927223{margin-top: -30px !important;}\u00bb]<div class=\"qode_vertical_separator\" style=\"height: 150px;width: 2px;background-color: #e3c5a2\">\r\n<\/div>[\/vc_column][\/vc_row][vc_row css_animation=\u00bb\u00bb row_type=\u00bbrow\u00bb use_row_as_full_screen_section=\u00bbno\u00bb type=\u00bbgrid\u00bb angled_section=\u00bbno\u00bb text_align=\u00bbcenter\u00bb background_image_as_pattern=\u00bbwithout_pattern\u00bb padding_bottom=\u00bb43&#8243; z_index=\u00bb\u00bb][vc_column][vc_column_text]<\/p>\n<h1>Biograf\u00eda<\/h1>\n<p>[\/vc_column_text][vc_empty_space height=\u00bb6px\u00bb][vc_column_text]<\/p>\n<h5>Gerardo Acu\u00f1a Rivera<\/h5>\n<p>[\/vc_column_text][\/vc_column][\/vc_row][vc_row css_animation=\u00bb\u00bb row_type=\u00bbrow\u00bb use_row_as_full_screen_section=\u00bbno\u00bb type=\u00bbgrid\u00bb angled_section=\u00bbno\u00bb text_align=\u00bbleft\u00bb background_image_as_pattern=\u00bbwithout_pattern\u00bb padding_top=\u00bb0&#8243; padding_bottom=\u00bb87&#8243; z_index=\u00bb\u00bb][vc_column width=\u00bb1\/3&#8243; css=\u00bb.vc_custom_1523466164096{border-left-width: 2px !important;padding-top: 0px !important;border-left-color: #e3c5a2 !important;border-left-style: solid !important;}\u00bb][qode_elements_holder number_of_columns=\u00bbone_column\u00bb][qode_elements_holder_item item_padding=\u00bb8px 21px 10px 21px\u00bb advanced_animations=\u00bbno\u00bb item_padding_1024_1280=\u00bb8px 0px 10px 7px\u00bb item_padding_600_768=\u00bb5px 21px 30px 21px\u00bb item_padding_480_600=\u00bb8px 21px 30px 21px\u00bb item_padding_480=\u00bb8px 21px 30px 21px\u00bb][vc_column_text]<\/p>\n<h3>T\u00edtulo superior de musicolog\u00eda. Estudio superior de Guitarra Real Conservatorio Superior de M\u00fasica de Madrid.<\/h3>\n<p>[\/vc_column_text][\/qode_elements_holder_item][\/qode_elements_holder][\/vc_column][vc_column width=\u00bb1\/3&#8243; css=\u00bb.vc_custom_1523466170310{border-left-width: 2px !important;padding-top: 0px !important;border-left-color: #e3c5a2 !important;border-left-style: solid !important;}\u00bb][qode_elements_holder number_of_columns=\u00bbone_column\u00bb][qode_elements_holder_item item_padding=\u00bb8px 14px 10px 18px\u00bb advanced_animations=\u00bbno\u00bb item_padding_1024_1280=\u00bb8px 0px 10px 7px\u00bb item_padding_600_768=\u00bb8px 0px 30px 7px\u00bb item_padding_480_600=\u00bb8px 21px 30px 21px\u00bb item_padding_480=\u00bb8px 21px 30px 21px\u00bb][vc_column_text]<\/p>\n<h3>Participaci\u00f3n como concertista en diversos <em>festivales<\/em>, <em>encuentros<\/em> y <em>ciclos<\/em> de guitarra.<\/h3>\n<p>[\/vc_column_text][\/qode_elements_holder_item][\/qode_elements_holder][\/vc_column][vc_column width=\u00bb1\/3&#8243; css=\u00bb.vc_custom_1523466179031{border-left-width: 2px !important;padding-top: 0px !important;border-left-color: #e3c5a2 !important;border-left-style: solid !important;}\u00bb][qode_elements_holder number_of_columns=\u00bbone_column\u00bb][qode_elements_holder_item item_padding=\u00bb8px 10px 10px 21px\u00bb advanced_animations=\u00bbno\u00bb item_padding_1024_1280=\u00bb8px 0px 10px 7px\u00bb item_padding_600_768=\u00bb8px 0px 30px 7px\u00bb item_padding_480_600=\u00bb8px 21px 30px 21px\u00bb item_padding_480=\u00bb8px 21px 30px 21px\u00bb][vc_column_text]<\/p>\n<h3>Primeros premios en concursos de guitarra cl\u00e1sica<\/h3>\n<p>[\/vc_column_text][\/qode_elements_holder_item][\/qode_elements_holder][\/vc_column][\/vc_row][vc_row css_animation=\u00bb\u00bb row_type=\u00bbrow\u00bb use_row_as_full_screen_section=\u00bbno\u00bb type=\u00bbfull_width\u00bb angled_section=\u00bbno\u00bb text_align=\u00bbcenter\u00bb background_image_as_pattern=\u00bbwithout_pattern\u00bb z_index=\u00bb\u00bb css=\u00bb.vc_custom_1523466353647{margin-top: -50px !important;}\u00bb][vc_column]<a  itemprop=\"url\" href=\"\/curriculum-gerardo-acuna\/\" target=\"_self\"  class=\"qbutton  default\" style=\"\">Conocer toda la biograf\u00eda<\/a>[vc_empty_space height=\u00bb50px\u00bb][\/vc_column][\/vc_row][vc_row css_animation=\u00bb\u00bb row_type=\u00bbrow\u00bb use_row_as_full_screen_section=\u00bbno\u00bb type=\u00bbfull_width\u00bb anchor=\u00bbrow3&#8243; angled_section=\u00bbno\u00bb text_align=\u00bbleft\u00bb background_image_as_pattern=\u00bbwithout_pattern\u00bb css=\u00bb.vc_custom_1516956876647{background-image: url(http:\/\/bridge141.qodeinteractive.com\/wp-content\/uploads\/2018\/01\/background-4.jpg?id=56) !important;background-position: center !important;background-repeat: no-repeat !important;background-size: cover !important;}\u00bb z_index=\u00bb\u00bb][vc_column][vc_row_inner row_type=\u00bbrow\u00bb type=\u00bbfull_width\u00bb text_align=\u00bbleft\u00bb css_animation=\u00bb\u00bb][vc_column_inner offset=\u00bbvc_col-md-7&#8243;][qode_elements_holder number_of_columns=\u00bbone_column\u00bb][qode_elements_holder_item item_padding=\u00bb0 145px 139px 0px\u00bb advanced_animations=\u00bbno\u00bb item_padding_1280_1440=\u00bb0 65px 140px 0px\u00bb item_padding_768_1024=\u00bb0 10px 139px 0px\u00bb item_padding_600_768=\u00bb0 91px 40px 0px\u00bb item_padding_480_600=\u00bb0 45px 0px 0px\u00bb item_padding_480=\u00bb0 45px 0px 0px\u00bb]<div class=\"qode-cards-gallery-holder right\" data-side=right>\n    <div class=\"qode-cards-gallery\">\n                    <div class=\"card\" >\n                                    <img src=\"#\" alt=\"\" class=\"qode-lazy-image\" data-image=\"https:\/\/gerardoacuna.com\/wp-content\/uploads\/2018\/04\/269a0261923951.5a7e199cc2d6f.jpg\" style=\"width:1920px;height:1px\" data-ratio=\"0.66666666666667\" data-lazy=\"true\" \/>\n                            <\/div>\n                    <div class=\"card\" >\n                                    <img src=\"#\" alt=\"\" class=\"qode-lazy-image\" data-image=\"https:\/\/gerardoacuna.com\/wp-content\/uploads\/2018\/04\/a3ac5c61923951.5a7e199cc7d4d.jpg\" style=\"width:1920px;height:1px\" data-ratio=\"0.66666666666667\" data-lazy=\"true\" \/>\n                            <\/div>\n            <\/div>\n    <div class=\"fake_card\">\n        <img src=\"https:\/\/gerardoacuna.com\/wp-content\/uploads\/2018\/04\/a3ac5c61923951.5a7e199cc7d4d.jpg\" alt=\"\">\n    <\/div>\n<\/div>[\/qode_elements_holder_item][\/qode_elements_holder][\/vc_column_inner][vc_column_inner offset=\u00bbvc_col-md-5&#8243; css=\u00bb.vc_custom_1524063769134{margin-top: 50px !important;background-image: url(https:\/\/gerardoacuna.com\/wp-content\/uploads\/2018\/04\/fonodo-row1-2.png?id=263) !important;}\u00bb][qode_elements_holder number_of_columns=\u00bbone_column\u00bb][qode_elements_holder_item item_padding=\u00bb176px 26% 0px 0&#8243; advanced_animations=\u00bbno\u00bb item_padding_1280_1440=\u00bb40px 7% 0px 0&#8243; item_padding_1024_1280=\u00bb11px 7% 0px 0&#8243; item_padding_768_1024=\u00bb11px 1% 0px 0&#8243; item_padding_600_768=\u00bb11px 12% 40px 6%\u00bb item_padding_480_600=\u00bb50px 3% 0px 3%\u00bb item_padding_480=\u00bb50px 3% 0px 3%\u00bb][vc_column_text]<\/p>\n<h1>Mi trabajo<\/h1>\n<p>[\/vc_column_text][vc_empty_space height=\u00bb7px\u00bb][vc_empty_space height=\u00bb25px\u00bb][vc_column_text]En la actualidad me encuentro transcribiendo para la guitarra, las<strong> <em>trece fantas\u00edas<\/em> <\/strong>para vihuela del libro cuarto de <strong><em>Orphenica Lyra (1554)<\/em><\/strong>, de Miguel de Fuenllana.[\/vc_column_text][vc_empty_space height=\u00bb33px\u00bb]<a  itemprop=\"url\" href=\"\/multimedia\/\" target=\"_self\"  class=\"qbutton  default\" style=\"\">Ver y escuchar<\/a>[vc_empty_space height=\u00bb150px\u00bb][\/qode_elements_holder_item][\/qode_elements_holder][\/vc_column_inner][\/vc_row_inner][vc_row_inner row_type=\u00bbrow\u00bb type=\u00bbfull_width\u00bb text_align=\u00bbleft\u00bb css_animation=\u00bb\u00bb][vc_column_inner offset=\u00bbvc_col-md-5&#8243;][qode_elements_holder number_of_columns=\u00bbone_column\u00bb][qode_elements_holder_item item_padding=\u00bb10px 0 0 30%\u00bb advanced_animations=\u00bbno\u00bb item_padding_1280_1440=\u00bb45px 0 0 10%\u00bb item_padding_768_1024=\u00bb0px 0 0 3%\u00bb item_padding_600_768=\u00bb0px 0 40px 6%\u00bb item_padding_480_600=\u00bb50px 3% 0 3%\u00bb item_padding_480=\u00bb50px 3% 0 3%\u00bb][vc_column_text]<\/p>\n<h1>La guitarra, una forma de vida<\/h1>\n<p>[\/vc_column_text][vc_empty_space height=\u00bb7px\u00bb][vc_empty_space height=\u00bb25px\u00bb][vc_column_text]Verdaderamente, la guitarra fue para m\u00ed un instrumento, un medio revelador de una forma de vida; una de las puertas que me condujo, desde la infancia, a descubrir el arte, concretamente el de la m\u00fasica. Pero tambi\u00e9n despert\u00f3 en m\u00ed la conciencia de la importancia de la amistad, del amor y, en suma, de la dignidad humana.<\/p>\n<p>&nbsp;<\/p>\n<p>La m\u00fasica ha sido para m\u00ed como el daim\u00f3n del que hablaba S\u00f3crates en el juicio que le conden\u00f3 a muerte, y que le persuad\u00eda siempre para reflexionar y obrar de forma moralmente correcta; ha sido tambi\u00e9n el espejo en que recomendaba Alfonso Reyes, de forma cari\u00f1osa y jocosa a la vez, mirarse todos los d\u00edas para repetirse: \u00a1Qu\u00e9 idiota eres, muchacho!, como medio de precauci\u00f3n contra la vanidad y el engreimiento, siempre con el sentido del humor por delante, \u00fanica actitud respetable en la vida.<\/p>\n<p>&nbsp;<\/p>\n<p>Por eso, algunas veces, cuando me asalta el asombro de mi existencia, me escucho decir en voz baja<\/p>\n<p>&nbsp;<\/p>\n<p><strong><span style=\"color: #e3c5a2; font-size: 16pt;\"><em>La guitarra, la m\u00fasica, la vida\u2026<\/em><\/span><\/strong>[\/vc_column_text][vc_empty_space height=\u00bb33px\u00bb][vc_single_image image=\u00bb254&#8243; img_size=\u00bbfull\u00bb alignment=\u00bbcenter\u00bb qode_css_animation=\u00bb\u00bb][vc_empty_space height=\u00bb79px\u00bb][\/qode_elements_holder_item][\/qode_elements_holder][\/vc_column_inner][vc_column_inner offset=\u00bbvc_col-md-7&#8243;][qode_elements_holder number_of_columns=\u00bbone_column\u00bb][qode_elements_holder_item item_padding=\u00bb0 0 0 147px\u00bb advanced_animations=\u00bbno\u00bb item_padding_1280_1440=\u00bb0 0 0 70px\u00bb item_padding_768_1024=\u00bb0px 0 0 10px\u00bb item_padding_600_768=\u00bb0px 0 0 91px\u00bb item_padding_480_600=\u00bb50px 0 0 45px\u00bb item_padding_480=\u00bb50px 0 0 45px\u00bb]<div class=\"qode-cards-gallery-holder left\" data-side=left>\n    <div class=\"qode-cards-gallery\">\n                    <div class=\"card\" >\n                                    <img src=\"#\" alt=\"\" class=\"qode-lazy-image\" data-image=\"https:\/\/gerardoacuna.com\/wp-content\/uploads\/2018\/04\/d35b2661923951.5a7e199cc8841-R.jpg\" style=\"width:1400px;height:1px\" data-ratio=\"0.66642857142857\" data-lazy=\"true\" \/>\n                            <\/div>\n                    <div class=\"card\" >\n                                    <img src=\"#\" alt=\"\" class=\"qode-lazy-image\" data-image=\"https:\/\/gerardoacuna.com\/wp-content\/uploads\/2018\/04\/d8504461923951.5a7e199cc3657.jpg\" style=\"width:1400px;height:1px\" data-ratio=\"0.66642857142857\" data-lazy=\"true\" \/>\n                            <\/div>\n            <\/div>\n    <div class=\"fake_card\">\n        <img src=\"https:\/\/gerardoacuna.com\/wp-content\/uploads\/2018\/04\/d8504461923951.5a7e199cc3657.jpg\" alt=\"\">\n    <\/div>\n<\/div>[\/qode_elements_holder_item][\/qode_elements_holder][\/vc_column_inner][\/vc_row_inner][\/vc_column][\/vc_row][vc_row css_animation=\u00bb\u00bb row_type=\u00bbrow\u00bb use_row_as_full_screen_section=\u00bbno\u00bb type=\u00bbgrid\u00bb angled_section=\u00bbno\u00bb text_align=\u00bbcenter\u00bb background_image=\u00bb56&#8243; background_image_as_pattern=\u00bbwithout_pattern\u00bb padding_bottom=\u00bb43&#8243; z_index=\u00bb\u00bb][vc_column][vc_empty_space][vc_column_text]<\/p>\n<h1>Agracedimientos<\/h1>\n<p>[\/vc_column_text][\/vc_column][\/vc_row][vc_row css_animation=\u00bb\u00bb row_type=\u00bbrow\u00bb use_row_as_full_screen_section=\u00bbno\u00bb type=\u00bbgrid\u00bb angled_section=\u00bbno\u00bb text_align=\u00bbleft\u00bb background_image_as_pattern=\u00bbwithout_pattern\u00bb z_index=\u00bb\u00bb][vc_column]<div class='testimonials_c_holder clearfix dark'><div class=\"testimonials_c testimonials_c_carousel\" data-show-navigation=\"yes\" data-animation-speed=\"\" data-auto-rotate-slides=\"3\" data-number-per-slide=\"1\"><ul class=\"slides\"><li id=\"testimonials-c-403\" class=\"testimonial_content\"><div class=\"testimonial_content_inner\"><div class=\"testimonial_image_holder\"><img src=\"https:\/\/gerardoacuna.com\/wp-content\/uploads\/2018\/04\/perfil.jpg\" \/><\/div><div class=\"testimonial_text_holder\"><div class=\"testimonial_text_inner\" style=\"\"><p>En primer lugar, quiero agradecer a mi alumno <a href=\"https:\/\/melkart-ob.com\/\">Gabriel Urresta<\/a> por su enorme generosidad al proponerme y, finalmente, elaborar esta p\u00e1gina web para m\u00ed. Gabriel, junto con su equipo de grandes profesionales, hace un estupendo trabajo  en el campo de los servicios y las nuevas tecnolog\u00edas. Esta p\u00e1gina representa una peque\u00f1a muestra de ello.\r\n\r\nTambi\u00e9n quiero agradecer la gentileza de <a href=\"https:\/\/www.yasminamuromusica.com\/\">Yasmina Muro<\/a>, que me permiti\u00f3 utilizar el bello auditorio de su magn\u00edfica escuela de m\u00fasica para grabar los videos que aparecen en esta p\u00e1gina.\r\n\r\nPor \u00faltimo, debo agradecer a Marcela Acu\u00f1a por la traducci\u00f3n al ingl\u00e9s de todos los textos de esta p\u00e1gina web.\r\n\r\nGracias a todos de coraz\u00f3n.<\/p><p class=\"testimonial_author\" style=\"\">Gerardo Acu\u00f1a<\/p><\/div><\/div><\/div><\/li><\/ul><\/div><\/div>[vc_empty_space height=\u00bb25px\u00bb][\/vc_column][\/vc_row]<\/p>","protected":false},"excerpt":{"rendered":"<p>[vc_row css_animation=\u00bb\u00bb row_type=\u00bbrow\u00bb use_row_as_full_screen_section=\u00bbno\u00bb type=\u00bbfull_width\u00bb anchor=\u00bbrow1&#8243; angled_section=\u00bbno\u00bb text_align=\u00bbleft\u00bb background_image_as_pattern=\u00bbwithout_pattern\u00bb z_index=\u00bb1&#8243;][vc_column][rev_slider_vc alias=\u00bbhome-gerardo\u00bb][\/vc_column][\/vc_row][vc_row css_animation=\u00bb\u00bb row_type=\u00bbrow\u00bb use_row_as_full_screen_section=\u00bbno\u00bb type=\u00bbgrid\u00bb angled_section=\u00bbno\u00bb text_align=\u00bbcenter\u00bb background_image_as_pattern=\u00bbwithout_pattern\u00bb z_index=\u00bb2&#8243; css=\u00bb.vc_custom_1516956057293{background-image: url(http:\/\/bridge141.qodeinteractive.com\/wp-content\/uploads\/2018\/01\/background-3.png?id=34) !important;background-position: center !important;background-repeat: no-repeat !important;background-size: cover !important;}\u00bb][vc_column css=\u00bb.vc_custom_1516877056111{margin-top: -100px !important;margin-bottom: -100px !important;}\u00bb][\/vc_column][\/vc_row][vc_row css_animation=\u00bb\u00bb row_type=\u00bbrow\u00bb use_row_as_full_screen_section=\u00bbno\u00bb type=\u00bbfull_width\u00bb anchor=\u00bbrow2&#8243; angled_section=\u00bbno\u00bb text_align=\u00bbleft\u00bb background_image_as_pattern=\u00bbwithout_pattern\u00bb padding_top=\u00bb170&#8243; padding_bottom=\u00bb24&#8243; z_index=\u00bb1&#8243; css=\u00bb.vc_custom_1523359183180{background-image:&#8230;<\/p>\n","protected":false},"author":1,"featured_media":0,"parent":0,"menu_order":0,"comment_status":"closed","ping_status":"closed","template":"full_width.php","meta":[],"_links":{"self":[{"href":"https:\/\/gerardoacuna.com\/es\/wp-json\/wp\/v2\/pages\/5"}],"collection":[{"href":"https:\/\/gerardoacuna.com\/es\/wp-json\/wp\/v2\/pages"}],"about":[{"href":"https:\/\/gerardoacuna.com\/es\/wp-json\/wp\/v2\/types\/page"}],"author":[{"embeddable":true,"href":"https:\/\/gerardoacuna.com\/es\/wp-json\/wp\/v2\/users\/1"}],"replies":[{"embeddable":true,"href":"https:\/\/gerardoacuna.com\/es\/wp-json\/wp\/v2\/comments?post=5"}],"version-history":[{"count":155,"href":"https:\/\/gerardoacuna.com\/es\/wp-json\/wp\/v2\/pages\/5\/revisions"}],"predecessor-version":[{"id":473,"href":"https:\/\/gerardoacuna.com\/es\/wp-json\/wp\/v2\/pages\/5\/revisions\/473"}],"wp:attachment":[{"href":"https:\/\/gerardoacuna.com\/es\/wp-json\/wp\/v2\/media?parent=5"}],"curies":[{"name":"wp","href":"https:\/\/api.w.org\/{rel}","templated":true}]}}